{"id":12,"date":"2022-05-09T07:46:43","date_gmt":"2022-05-09T07:46:43","guid":{"rendered":"https:\/\/www.riverpoint.pl\/?page_id=12"},"modified":"2024-12-19T08:17:22","modified_gmt":"2024-12-19T08:17:22","slug":"river-point","status":"publish","type":"page","link":"https:\/\/www.riverpoint.pl\/","title":{"rendered":"River Point"},"content":{"rendered":"<p>[et_pb_section fb_built=&#8221;1&#8243; _builder_version=&#8221;4.17.3&#8243; _module_preset=&#8221;default&#8221; custom_margin=&#8221;0px||||false|false&#8221; custom_padding=&#8221;0px||0px||false|false&#8221; global_colors_info=&#8221;{}&#8221;][et_pb_row _builder_version=&#8221;4.17.3&#8243; _module_preset=&#8221;default&#8221; width=&#8221;100%&#8221; max_width=&#8221;100%&#8221; custom_padding=&#8221;0px||0px||false|false&#8221; global_colors_info=&#8221;{}&#8221;][et_pb_column type=&#8221;4_4&#8243; _builder_version=&#8221;4.17.3&#8243; _module_preset=&#8221;default&#8221; global_colors_info=&#8221;{}&#8221;][et_pb_slider show_arrows=&#8221;off&#8221; show_pagination=&#8221;off&#8221; _builder_version=&#8221;4.17.3&#8243; _module_preset=&#8221;default&#8221; height=&#8221;100vh&#8221; custom_padding=&#8221;0px|||||&#8221; animation_style=&#8221;fade&#8221; animation_duration=&#8221;200ms&#8221; animation_delay=&#8221;100ms&#8221; animation_starting_opacity=&#8221;5%&#8221; animation_speed_curve=&#8221;ease&#8221; hover_transition_duration=&#8221;0ms&#8221; global_colors_info=&#8221;{}&#8221;][et_pb_slide _builder_version=&#8221;4.17.3&#8243; _module_preset=&#8221;default&#8221; background_enable_color=&#8221;off&#8221; background_image=&#8221;https:\/\/www.riverpoint.pl\/wp-content\/uploads\/2022\/05\/RIVER-POINT_LOT-PTAKA2-scaled.jpg&#8221; background_enable_image=&#8221;on&#8221; global_colors_info=&#8221;{}&#8221; sticky_transition=&#8221;on&#8221;][\/et_pb_slide][\/et_pb_slider][\/et_pb_column][\/et_pb_row][\/et_pb_section][et_pb_section fb_built=&#8221;1&#8243; _builder_version=&#8221;4.17.3&#8243; _module_preset=&#8221;default&#8221; custom_margin=&#8221;10px||||false|false&#8221; custom_padding=&#8221;0px||0px||false|false&#8221; global_colors_info=&#8221;{}&#8221;][et_pb_row column_structure=&#8221;3_5,2_5&#8243; _builder_version=&#8221;4.17.3&#8243; _module_preset=&#8221;default&#8221; width=&#8221;90%&#8221; max_width=&#8221;100%&#8221; custom_padding=&#8221;|||30px|false|false&#8221; border_radii=&#8221;off||||&#8221; border_width_top=&#8221;3px&#8221; border_color_top=&#8221;#4DA7AF&#8221; border_width_bottom=&#8221;3px&#8221; border_color_bottom=&#8221;#4DA7AF&#8221; border_width_left=&#8221;3px&#8221; border_color_left=&#8221;#4DA7AF&#8221; global_colors_info=&#8221;{}&#8221;][et_pb_column type=&#8221;3_5&#8243; _builder_version=&#8221;4.17.3&#8243; _module_preset=&#8221;default&#8221; global_colors_info=&#8221;{}&#8221;][et_pb_text _builder_version=&#8221;4.17.3&#8243; _module_preset=&#8221;default&#8221; global_colors_info=&#8221;{}&#8221;]<\/p>\n<h2><span style=\"color: #4da7af;\">O nas<\/span><\/h2>\n<p>Od 1996 roku Art-Architekci \u2013 autor projekt\u00f3w zajmuje si\u0119 projektowaniem obiekt\u00f3w mieszkaniowo-komercyjnych. We wsp\u00f3\u0142pracy z River Point opracowa\u0142 projekty z architektur\u0105 p\u0142ywaj\u0105c\u0105.<br \/>Zesp\u00f3\u0142 projektant\u00f3w, in\u017cynier\u00f3w oraz hydrotechnik\u00f3w czuwa nad ka\u017cdym szczeg\u00f3\u0142em projektu.<\/p>\n<p>&nbsp;<\/p>\n<p>[\/et_pb_text][dipl_separator separator_color=&#8221;#4DA7AF&#8221; _builder_version=&#8221;4.17.3&#8243; _module_preset=&#8221;default&#8221; global_colors_info=&#8221;{}&#8221;][\/dipl_separator][et_pb_text _builder_version=&#8221;4.17.3&#8243; _module_preset=&#8221;default&#8221; global_colors_info=&#8221;{}&#8221;]<\/p>\n<h2><span style=\"color: #4da7af;\">Oferujemy<\/span><\/h2>\n<p>River Point Sp z o.o. oferuje realizacj\u0119 dom\u00f3w, biur, hoteli i apartament\u00f3w na wodzie.<br \/>Na zam\u00f3wienie klient\u00f3w realizujemy wszystkie rodzaje obiekt\u00f3w p\u0142ywaj\u0105cych. Dbamy o funkcjonalne rozwi\u0105zania zar\u00f3wno w obiektach jak i w rozwi\u0105zaniach zagospodarowania nabrze\u017ca<br \/>Konstrukcja i wykonanie p\u0142ywak\u00f3w gwarantuj\u0105 bezpiecze\u0144stwo, stabilno\u015b\u0107 i wytrzyma\u0142o\u015b\u0107 na wszelkie warunki pogodowe.<br \/>Obiekt posiada niezb\u0119dne certyfikaty w tym Polskiego Rejestru Statk\u00f3w [PRS ]<\/p>\n<p>[\/et_pb_text][\/et_pb_column][et_pb_column type=&#8221;2_5&#8243; _builder_version=&#8221;4.17.3&#8243; _module_preset=&#8221;default&#8221; global_colors_info=&#8221;{}&#8221;][et_pb_image src=&#8221;https:\/\/www.riverpoint.pl\/wp-content\/uploads\/2022\/05\/FEEL-HARMONY.jpg&#8221; title_text=&#8221;FEEL HARMONY&#8221; _builder_version=&#8221;4.17.3&#8243; _module_preset=&#8221;default&#8221; border_width_all=&#8221;3px&#8221; border_color_all=&#8221;#4DA7AF&#8221; global_colors_info=&#8221;{}&#8221;][\/et_pb_image][\/et_pb_column][\/et_pb_row][et_pb_row column_structure=&#8221;2_5,3_5&#8243; _builder_version=&#8221;4.17.3&#8243; _module_preset=&#8221;default&#8221; width=&#8221;90%&#8221; max_width=&#8221;100%&#8221; custom_padding=&#8221;|30px||0px|false|false&#8221; border_radii=&#8221;off||||&#8221; border_width_right=&#8221;3px&#8221; border_color_right=&#8221;#4DA7AF&#8221; border_color_bottom=&#8221;#4DA7AF&#8221; border_color_left=&#8221;#4DA7AF&#8221; global_colors_info=&#8221;{}&#8221;][et_pb_column type=&#8221;2_5&#8243; _builder_version=&#8221;4.17.3&#8243; _module_preset=&#8221;default&#8221; global_colors_info=&#8221;{}&#8221;][et_pb_image src=&#8221;https:\/\/www.riverpoint.pl\/wp-content\/uploads\/2022\/05\/FeelHarmony_LOBBY-scaled.jpg&#8221; title_text=&#8221;FeelHarmony_LOBBY&#8221; _builder_version=&#8221;4.17.3&#8243; _module_preset=&#8221;default&#8221; border_width_all=&#8221;3px&#8221; border_color_all=&#8221;#4DA7AF&#8221; global_colors_info=&#8221;{}&#8221;][\/et_pb_image][\/et_pb_column][et_pb_column type=&#8221;3_5&#8243; _builder_version=&#8221;4.17.3&#8243; _module_preset=&#8221;default&#8221; global_colors_info=&#8221;{}&#8221;][et_pb_text _builder_version=&#8221;4.17.3&#8243; _module_preset=&#8221;default&#8221; global_colors_info=&#8221;{}&#8221;]<\/p>\n<h2><span style=\"text-decoration: underline;\"><span style=\"color: #4da7af; text-decoration: underline;\">PRODUKTY<\/span><\/span><\/h2>\n<h3><span style=\"color: #4da7af;\">Ofertujemy rodzin\u0119 obiekt\u00f3w na wodzie<\/span><\/h3>\n<ul>\n<li>apartamenty<\/li>\n<li>domy<\/li>\n<li>hotele<\/li>\n<li>biura<\/li>\n<li>obiekty u\u017cyteczno\u015bci publicznej<\/li>\n<\/ul>\n<p>&nbsp;<\/p>\n<p>[\/et_pb_text][dipl_separator separator_color=&#8221;#4DA7AF&#8221; _builder_version=&#8221;4.17.3&#8243; _module_preset=&#8221;default&#8221; global_colors_info=&#8221;{}&#8221;][\/dipl_separator][et_pb_text _builder_version=&#8221;4.17.3&#8243; _module_preset=&#8221;default&#8221; global_colors_info=&#8221;{}&#8221;]<\/p>\n<h3><span style=\"color: #4da7af;\">Realizujemy projekty w Polsce i Europie na:<\/span><\/h3>\n<p><span style=\"color: #4da7af;\"><\/span><\/p>\n<ul>\n<li>rzekach<\/li>\n<li>jeziorach<\/li>\n<li>kana\u0142ach<\/li>\n<\/ul>\n<p>[\/et_pb_text][\/et_pb_column][\/et_pb_row][et_pb_row column_structure=&#8221;1_3,1_3,1_3&#8243; _builder_version=&#8221;4.17.3&#8243; _module_preset=&#8221;default&#8221; width=&#8221;90%&#8221; max_width=&#8221;100%&#8221; custom_padding=&#8221;|||30px|false|false&#8221; border_radii=&#8221;off||||&#8221; border_width_top=&#8221;3px&#8221; border_color_top=&#8221;#4DA7AF&#8221; border_color_bottom=&#8221;#4DA7AF&#8221; border_width_left=&#8221;3px&#8221; border_color_left=&#8221;#4DA7AF&#8221; global_colors_info=&#8221;{}&#8221;][et_pb_column type=&#8221;1_3&#8243; _builder_version=&#8221;4.17.3&#8243; _module_preset=&#8221;default&#8221; global_colors_info=&#8221;{}&#8221;][et_pb_text _builder_version=&#8221;4.17.3&#8243; _module_preset=&#8221;default&#8221; global_colors_info=&#8221;{}&#8221;]<\/p>\n<h2><span style=\"color: #4da7af;\">Projektowanie od A do Z<br \/><\/span><\/h2>\n<p><span style=\"color: #4da7af;\"><\/span><\/p>\n<p><span style=\"color: #4da7af;\"><\/span><\/p>\n<p>Przeprowadzamy analizy wykonalno\u015bci pod k\u0105tem warunk\u00f3w hydrologicznych oraz formalno-prawnych.<br \/>Uzyskujemy niezb\u0119dne pozwolenia oraz uzgodnienia . <br \/>Projekt obiektu p\u0142ywaj\u0105cego zawiera rozwi\u0105zania cumownicze oraz zasilania w media.<\/p>\n<p>&nbsp;<\/p>\n<p>[\/et_pb_text][\/et_pb_column][et_pb_column type=&#8221;1_3&#8243; _builder_version=&#8221;4.17.3&#8243; _module_preset=&#8221;default&#8221; global_colors_info=&#8221;{}&#8221;][et_pb_image src=&#8221;https:\/\/www.riverpoint.pl\/wp-content\/uploads\/2022\/05\/FINcam_01-scaled.jpg&#8221; title_text=&#8221;FINcam_01&#8243; _builder_version=&#8221;4.17.3&#8243; _module_preset=&#8221;default&#8221; border_width_all=&#8221;3px&#8221; border_color_all=&#8221;#4DA7AF&#8221; global_colors_info=&#8221;{}&#8221;][\/et_pb_image][\/et_pb_column][et_pb_column type=&#8221;1_3&#8243; _builder_version=&#8221;4.17.3&#8243; _module_preset=&#8221;default&#8221; global_colors_info=&#8221;{}&#8221;][et_pb_text _builder_version=&#8221;4.17.3&#8243; _module_preset=&#8221;default&#8221; global_colors_info=&#8221;{}&#8221;]<\/p>\n<h2><span style=\"color: #4da7af;\">Innowacje<\/span><\/h2>\n<p>&nbsp;<\/p>\n<p>Dzia\u0142 badawczy firmy we wsp\u00f3\u0142pracy naukowcami kreuje now\u0105 jako\u015b\u0107 architektury p\u0142ywaj\u0105cej. Stosujemy ekologiczne rozwi\u0105zania i wykorzystujemy zielon\u0105 energi\u0119. Sprawdzone w Szwecji i Niemczech systemy p\u0142ywaj\u0105ce zostan\u0105 na etapie realizacji wzbogacone o innowacyjne rozwi\u0105zania opracowane we wsp\u00f3\u0142pracy z polskimi jednostkami badawczymi.<\/p>\n<p>[\/et_pb_text][\/et_pb_column][\/et_pb_row][\/et_pb_section][et_pb_section fb_built=&#8221;1&#8243; _builder_version=&#8221;4.17.3&#8243; _module_preset=&#8221;default&#8221; custom_margin=&#8221;0px||||false|false&#8221; custom_padding=&#8221;0px||||false|false&#8221; global_colors_info=&#8221;{}&#8221;][et_pb_row column_structure=&#8221;1_2,1_2&#8243; _builder_version=&#8221;4.17.3&#8243; _module_preset=&#8221;default&#8221; width=&#8221;90%&#8221; max_width=&#8221;100%&#8221; custom_padding=&#8221;|||30px|false|false&#8221; border_radii=&#8221;off||||&#8221; border_width_top=&#8221;3px&#8221; border_color_top=&#8221;#4DA7AF&#8221; border_width_right=&#8221;3px&#8221; border_color_right=&#8221;#4DA7AF&#8221; border_width_bottom=&#8221;3px&#8221; border_color_bottom=&#8221;#4DA7AF&#8221; border_color_left=&#8221;#4DA7AF&#8221; global_colors_info=&#8221;{}&#8221;][et_pb_column type=&#8221;1_2&#8243; _builder_version=&#8221;4.17.3&#8243; _module_preset=&#8221;default&#8221; global_colors_info=&#8221;{}&#8221;][dipl_form_styler _builder_version=&#8221;4.17.3&#8243; _module_preset=&#8221;default&#8221; global_colors_info=&#8221;{}&#8221;][\/dipl_form_styler][et_pb_text _builder_version=&#8221;4.17.3&#8243; _module_preset=&#8221;default&#8221; custom_margin=&#8221;||13px|||&#8221; global_colors_info=&#8221;{}&#8221;]<\/p>\n<h2>KONTAKT<\/h2>\n<p>[\/et_pb_text][dipl_separator separator_color=&#8221;#4DA7AF&#8221; _builder_version=&#8221;4.17.3&#8243; _module_preset=&#8221;default&#8221; custom_margin=&#8221;||29px|||&#8221; global_colors_info=&#8221;{}&#8221;][\/dipl_separator][et_pb_text _builder_version=&#8221;4.17.3&#8243; _module_preset=&#8221;default&#8221; global_colors_info=&#8221;{}&#8221;]<\/p>\n<h1><span style=\"color: #4da7af;\"><\/span><\/h1>\n<h1><span style=\"color: #4da7af;\"><\/span><\/h1>\n<h1><span style=\"color: #4da7af;\">River Point Sp\u00f3\u0142ka z o.o.<\/span><\/h1>\n<h2><\/h2>\n<h2>ul. Kupa\u0142y 27<\/h2>\n<h2>Gda\u0144sk 80-354<\/h2>\n<h2>Tel: +48 696 461 279<\/h2>\n<h2>biuro@riverpoint.pl<\/h2>\n<p>[\/et_pb_text][\/et_pb_column][et_pb_column type=&#8221;1_2&#8243; _builder_version=&#8221;4.17.3&#8243; _module_preset=&#8221;default&#8221; global_colors_info=&#8221;{}&#8221;][et_pb_contact_form email=&#8221;k.bargielska@riverpoint.pl&#8221; custom_message=&#8221;Wiadomo\u015b\u0107 ze strony riverpoint||et_pb_line_break_holder||Imi\u0119: %%Imie%%||et_pb_line_break_holder||Nazwisko: %%Nazwisko%%||et_pb_line_break_holder||Email: %%Email%%||et_pb_line_break_holder||Telefon: %%Telefon%%||et_pb_line_break_holder||Wiadomo\u015b\u0107: %%Message%%&#8221; _builder_version=&#8221;4.17.3&#8243; _module_preset=&#8221;default&#8221; _unique_id=&#8221;5ad57b22-70f2-4899-8aa9-c2c44945140b&#8221; form_field_background_color=&#8221;#4DA7AF&#8221; form_field_text_color=&#8221;#FFFFFF&#8221; captcha_text_color=&#8221;#4DA7AF&#8221; form_field_letter_spacing=&#8221;8px&#8221; custom_button=&#8221;on&#8221; button_text_color=&#8221;#4DA7AF&#8221; custom_padding=&#8221;|30px|||false|false&#8221; global_colors_info=&#8221;{}&#8221;][et_pb_contact_field field_id=&#8221;Imie&#8221; field_title=&#8221;Imi\u0119 &#8221; _builder_version=&#8221;4.17.3&#8243; global_colors_info=&#8221;{}&#8221; button_text_size__hover_enabled=&#8221;off&#8221; button_one_text_size__hover_enabled=&#8221;off&#8221; button_two_text_size__hover_enabled=&#8221;off&#8221; button_text_color__hover_enabled=&#8221;off&#8221; button_one_text_color__hover_enabled=&#8221;off&#8221; button_two_text_color__hover_enabled=&#8221;off&#8221; button_border_width__hover_enabled=&#8221;off&#8221; button_one_border_width__hover_enabled=&#8221;off&#8221; button_two_border_width__hover_enabled=&#8221;off&#8221; button_border_color__hover_enabled=&#8221;off&#8221; button_one_border_color__hover_enabled=&#8221;off&#8221; button_two_border_color__hover_enabled=&#8221;off&#8221; button_border_radius__hover_enabled=&#8221;off&#8221; button_one_border_radius__hover_enabled=&#8221;off&#8221; button_two_border_radius__hover_enabled=&#8221;off&#8221; button_letter_spacing__hover_enabled=&#8221;off&#8221; button_one_letter_spacing__hover_enabled=&#8221;off&#8221; button_two_letter_spacing__hover_enabled=&#8221;off&#8221; button_bg_color__hover_enabled=&#8221;off&#8221; button_one_bg_color__hover_enabled=&#8221;off&#8221; button_two_bg_color__hover_enabled=&#8221;off&#8221;][\/et_pb_contact_field][et_pb_contact_field field_id=&#8221;Nazwisko&#8221; field_title=&#8221;Nazwisko&#8221; _builder_version=&#8221;4.17.3&#8243; global_colors_info=&#8221;{}&#8221; button_text_size__hover_enabled=&#8221;off&#8221; button_one_text_size__hover_enabled=&#8221;off&#8221; button_two_text_size__hover_enabled=&#8221;off&#8221; button_text_color__hover_enabled=&#8221;off&#8221; button_one_text_color__hover_enabled=&#8221;off&#8221; button_two_text_color__hover_enabled=&#8221;off&#8221; button_border_width__hover_enabled=&#8221;off&#8221; button_one_border_width__hover_enabled=&#8221;off&#8221; button_two_border_width__hover_enabled=&#8221;off&#8221; button_border_color__hover_enabled=&#8221;off&#8221; button_one_border_color__hover_enabled=&#8221;off&#8221; button_two_border_color__hover_enabled=&#8221;off&#8221; button_border_radius__hover_enabled=&#8221;off&#8221; button_one_border_radius__hover_enabled=&#8221;off&#8221; button_two_border_radius__hover_enabled=&#8221;off&#8221; button_letter_spacing__hover_enabled=&#8221;off&#8221; button_one_letter_spacing__hover_enabled=&#8221;off&#8221; button_two_letter_spacing__hover_enabled=&#8221;off&#8221; button_bg_color__hover_enabled=&#8221;off&#8221; button_one_bg_color__hover_enabled=&#8221;off&#8221; button_two_bg_color__hover_enabled=&#8221;off&#8221;][\/et_pb_contact_field][et_pb_contact_field field_id=&#8221;Email&#8221; field_title=&#8221;E-mail&#8221; field_type=&#8221;email&#8221; _builder_version=&#8221;4.17.3&#8243; global_colors_info=&#8221;{}&#8221; button_text_size__hover_enabled=&#8221;off&#8221; button_one_text_size__hover_enabled=&#8221;off&#8221; button_two_text_size__hover_enabled=&#8221;off&#8221; button_text_color__hover_enabled=&#8221;off&#8221; button_one_text_color__hover_enabled=&#8221;off&#8221; button_two_text_color__hover_enabled=&#8221;off&#8221; button_border_width__hover_enabled=&#8221;off&#8221; button_one_border_width__hover_enabled=&#8221;off&#8221; button_two_border_width__hover_enabled=&#8221;off&#8221; button_border_color__hover_enabled=&#8221;off&#8221; button_one_border_color__hover_enabled=&#8221;off&#8221; button_two_border_color__hover_enabled=&#8221;off&#8221; button_border_radius__hover_enabled=&#8221;off&#8221; button_one_border_radius__hover_enabled=&#8221;off&#8221; button_two_border_radius__hover_enabled=&#8221;off&#8221; button_letter_spacing__hover_enabled=&#8221;off&#8221; button_one_letter_spacing__hover_enabled=&#8221;off&#8221; button_two_letter_spacing__hover_enabled=&#8221;off&#8221; button_bg_color__hover_enabled=&#8221;off&#8221; button_one_bg_color__hover_enabled=&#8221;off&#8221; button_two_bg_color__hover_enabled=&#8221;off&#8221;][\/et_pb_contact_field][et_pb_contact_field field_id=&#8221;Telefon&#8221; field_title=&#8221;Telefon&#8221; field_type=&#8221;email&#8221; _builder_version=&#8221;4.17.3&#8243; global_colors_info=&#8221;{}&#8221; button_text_size__hover_enabled=&#8221;off&#8221; button_one_text_size__hover_enabled=&#8221;off&#8221; button_two_text_size__hover_enabled=&#8221;off&#8221; button_text_color__hover_enabled=&#8221;off&#8221; button_one_text_color__hover_enabled=&#8221;off&#8221; button_two_text_color__hover_enabled=&#8221;off&#8221; button_border_width__hover_enabled=&#8221;off&#8221; button_one_border_width__hover_enabled=&#8221;off&#8221; button_two_border_width__hover_enabled=&#8221;off&#8221; button_border_color__hover_enabled=&#8221;off&#8221; button_one_border_color__hover_enabled=&#8221;off&#8221; button_two_border_color__hover_enabled=&#8221;off&#8221; button_border_radius__hover_enabled=&#8221;off&#8221; button_one_border_radius__hover_enabled=&#8221;off&#8221; button_two_border_radius__hover_enabled=&#8221;off&#8221; button_letter_spacing__hover_enabled=&#8221;off&#8221; button_one_letter_spacing__hover_enabled=&#8221;off&#8221; button_two_letter_spacing__hover_enabled=&#8221;off&#8221; button_bg_color__hover_enabled=&#8221;off&#8221; button_one_bg_color__hover_enabled=&#8221;off&#8221; button_two_bg_color__hover_enabled=&#8221;off&#8221;][\/et_pb_contact_field][et_pb_contact_field field_id=&#8221;Message&#8221; field_title=&#8221;Wiadomo\u015b\u0107&#8221; field_type=&#8221;text&#8221; fullwidth_field=&#8221;on&#8221; _builder_version=&#8221;4.17.3&#8243; global_colors_info=&#8221;{}&#8221; button_text_size__hover_enabled=&#8221;off&#8221; button_one_text_size__hover_enabled=&#8221;off&#8221; button_two_text_size__hover_enabled=&#8221;off&#8221; button_text_color__hover_enabled=&#8221;off&#8221; button_one_text_color__hover_enabled=&#8221;off&#8221; button_two_text_color__hover_enabled=&#8221;off&#8221; button_border_width__hover_enabled=&#8221;off&#8221; button_one_border_width__hover_enabled=&#8221;off&#8221; button_two_border_width__hover_enabled=&#8221;off&#8221; button_border_color__hover_enabled=&#8221;off&#8221; button_one_border_color__hover_enabled=&#8221;off&#8221; button_two_border_color__hover_enabled=&#8221;off&#8221; button_border_radius__hover_enabled=&#8221;off&#8221; button_one_border_radius__hover_enabled=&#8221;off&#8221; button_two_border_radius__hover_enabled=&#8221;off&#8221; button_letter_spacing__hover_enabled=&#8221;off&#8221; button_one_letter_spacing__hover_enabled=&#8221;off&#8221; button_two_letter_spacing__hover_enabled=&#8221;off&#8221; button_bg_color__hover_enabled=&#8221;off&#8221; button_one_bg_color__hover_enabled=&#8221;off&#8221; button_two_bg_color__hover_enabled=&#8221;off&#8221;][\/et_pb_contact_field][\/et_pb_contact_form][\/et_pb_column][\/et_pb_row][et_pb_row _builder_version=&#8221;4.17.3&#8243; _module_preset=&#8221;default&#8221; global_colors_info=&#8221;{}&#8221;][et_pb_column type=&#8221;4_4&#8243; _builder_version=&#8221;4.17.3&#8243; _module_preset=&#8221;default&#8221; global_colors_info=&#8221;{}&#8221;][elegantmap identifier=&#8221;elegantMap-562j4xh9tvtkxf&#8221; map_address=&#8221;{%22label%22:%22lng: 18.57846066814308, lat: 54.415992450949936%22,%22x%22:18.57846066814308,%22y%22:54.415992450949936,%22zoom%22:16,%22polygon%22:%91%93}&#8221; _builder_version=&#8221;4.17.3&#8243; _module_preset=&#8221;default&#8221; background_color=&#8221;RGBA(255,255,255,0)&#8221; global_colors_info=&#8221;{}&#8221;][elegantmap_child name=&#8221;Kupa\u0142y&#8221; map_address=&#8221;{%22label%22:%2227, Kupa\u0142y, Wojnowo, Przymorze Ma\u0142e, Gda\u0144sk, wojew\u00f3dztwo pomorskie, 80-354, Polska%22,%22x%22:18.57816330569582,%22y%22:54.415913700000004}&#8221; popup_width=&#8221;100&#8243; popup_background=&#8221;#4DA7AF&#8221; zoom_on_click=&#8221;yes&#8221; marker_zoom=&#8221;6&#8243; _builder_version=&#8221;4.17.3&#8243; _module_preset=&#8221;default&#8221; global_colors_info=&#8221;{}&#8221;]<\/p>\n<p><span style=\"color: #ffffff;\">RIVER POINT SP. Z O.O.<\/span><\/p>\n<p>[\/elegantmap_child][\/elegantmap][\/et_pb_column][\/et_pb_row][\/et_pb_section]<\/p>\n","protected":false},"excerpt":{"rendered":"<p>O nas Od 1996 roku Art-Architekci \u2013 autor projekt\u00f3w zajmuje si\u0119 projektowaniem obiekt\u00f3w mieszkaniowo-komercyjnych. We wsp\u00f3\u0142pracy z River Point opracowa\u0142 projekty z architektur\u0105 p\u0142ywaj\u0105c\u0105.Zesp\u00f3\u0142 projektant\u00f3w, in\u017cynier\u00f3w oraz hydrotechnik\u00f3w czuwa nad ka\u017cdym szczeg\u00f3\u0142em projektu. &nbsp;<div class=\"et_pb_module dipl_separator dipl_separator_0\">\n\t\t\t\t\n\t\t\t\t\n\t\t\t\t\n\t\t\t\t\n\t\t\t\t\n\t\t\t\t\n\t\t\t\t<div class=\"et_pb_module_inner\">\n\t\t\t\t\t<div class=\"dipl_separator_container align_none\">\n\t\t\t\t\t\t\t\t\t<div class=\"dipl_line dipl_line_before\"><\/div>\n\t\t\t\t\t\t\t\t\t\t\n\t\t\t\t\t\t\t\t\t\t\n\t\t\t\t\t\t\t\t\t\t\n\t\t\t\t\t\t\t\t\t<div class=\"dipl_line dipl_line_after\"><\/div>\n\t\t\t\t\t\t\t\t<\/div>\n\t\t\t\t<\/div>\n\t\t\t<\/div>Oferujemy River Point Sp z o.o. oferuje realizacj\u0119 dom\u00f3w, biur, hoteli i apartament\u00f3w na wodzie.Na zam\u00f3wienie klient\u00f3w realizujemy [&hellip;]<\/p>\n","protected":false},"author":1,"featured_media":0,"parent":0,"menu_order":0,"comment_status":"closed","ping_status":"closed","template":"","meta":{"_et_pb_use_builder":"on","_et_pb_old_content":"","_et_gb_content_width":""},"_links":{"self":[{"href":"https:\/\/www.riverpoint.pl\/index.php\/wp-json\/wp\/v2\/pages\/12"}],"collection":[{"href":"https:\/\/www.riverpoint.pl\/index.php\/wp-json\/wp\/v2\/pages"}],"about":[{"href":"https:\/\/www.riverpoint.pl\/index.php\/wp-json\/wp\/v2\/types\/page"}],"author":[{"embeddable":true,"href":"https:\/\/www.riverpoint.pl\/index.php\/wp-json\/wp\/v2\/users\/1"}],"replies":[{"embeddable":true,"href":"https:\/\/www.riverpoint.pl\/index.php\/wp-json\/wp\/v2\/comments?post=12"}],"version-history":[{"count":20,"href":"https:\/\/www.riverpoint.pl\/index.php\/wp-json\/wp\/v2\/pages\/12\/revisions"}],"predecessor-version":[{"id":97,"href":"https:\/\/www.riverpoint.pl\/index.php\/wp-json\/wp\/v2\/pages\/12\/revisions\/97"}],"wp:attachment":[{"href":"https:\/\/www.riverpoint.pl\/index.php\/wp-json\/wp\/v2\/media?parent=12"}],"curies":[{"name":"wp","href":"https:\/\/api.w.org\/{rel}","templated":true}]}}